{"id":15494,"date":"2016-01-28T11:40:25","date_gmt":"2016-01-28T09:40:25","guid":{"rendered":"http:\/\/www.diegocoquillat.com\/?page_id=15494"},"modified":"2018-04-23T13:42:23","modified_gmt":"2018-04-23T11:42:23","slug":"libros","status":"publish","type":"page","link":"https:\/\/www.diegocoquillat.com\/dev\/libros\/","title":{"rendered":"Libros"},"content":{"rendered":"<p><center><\/p>\n<div class=\"explicacion_libro\">\n<p style=\"font-weight: BOLD; font-size: 23px; font-family: 'Roboto Slab',Georgia,serif; text-align: left; width: auto; line-height: 29.39px;margin-bottom: 0\">LA TRANSFORMACI\u00d3N DIGITAL EN LOS RESTAURANTES (2017)<\/p>\n<p style=\"font-family: Arial; font-weight: bold; font-size: 14px; margin-bottom: 15px;\">De <span style=\"color: #009bdb;\">Diego Coquillat<\/span> [200 p\u00e1ginas]<\/p>\n<p style=\"margin-bottom:10px;\" ><iframe style=\"margin-bottom: 0px; width:100%; height:500px;\" src=\"\/\/e.issuu.com\/embed.html#33109940\/60405305\" frameborder=\"0\" allowfullscreen><\/iframe><\/p>\n<p style=\"font-size: 13px; font-family: Arial; color: #4a4a4a; width: auto; margin-bottom: 47px; \">Esta obra aborda desde diferentes puntos de vistas y autores distintas reflexiones y conclusiones sobre c\u00f3mo la relaci\u00f3n digital entre los clientes y los restaurantes est\u00e1 provocando un profundo cambio y un nuevo contexto en la industria de los restaurantes. El sector se enfrenta a una nueva realidad que cambia a una velocidad jam\u00e1s conocida.<\/p>\n<div class=\"comprar\">\n\t\t\t<a style=\"color: white;\" href=\"https:\/\/issuu.com\/store\/publishers\/irestaurant\/issues\/20170215-la-transformacin-digital-de-los-restaurantes\" target=\"_blank\">Comprar<\/a>\n\t\t<\/div>\n<\/p><\/div>\n<div class=\"explicacion_libro\" style=\"margin-top: 50px;\">\n<p style=\"font-weight: BOLD; font-size: 23px; font-family: 'Roboto Slab',Georgia,serif; text-align: left; width: auto; line-height: 29.39px;margin-bottom: 0\">UNA NUEVA ERA EN LOS RESTAURANTES (2016)<\/p>\n<p style=\"font-family: Arial; font-weight: bold; font-size: 14px; margin-bottom: 15px;\">De <span style=\"color: #009bdb;\">Diego Coquillat<\/span> [193 p\u00e1ginas]<\/p>\n<p style=\"margin-bottom:10px;\"><iframe style=\"margin-bottom: 0px;width:100%; height:500px;\" src=\"\/\/e.issuu.com\/embed.html#33109940\/60405677\" frameborder=\"0\" allowfullscreen><\/iframe><\/p>\n<p style=\"font-size: 13px; font-family: Arial; color: #4a4a4a; width: auto; margin-bottom: 47px;\">Un libro con un lenguaje claro y cercano que narra la transcendencia del momento que estamos viviendo en el sector, donde la innovaci\u00f3n y la nuevas tecnolog\u00edas se han convertido en las palancas claves para la sostenibilidad futura de los negocios de hosteler\u00eda.<\/p>\n<div class=\"comprar\">\n\t\t\t<a style=\"margin-bottom: 40px; width:100%; height:500px;color: white;\" href=\"https:\/\/issuu.com\/store\/publishers\/irestaurant\/issues\/diegocoquillat-una_nueva_era_en_los_restaurantes\" target=\"_blank\">Comprar<\/a>\n\t\t<\/div>\n<\/p><\/div>\n<p><\/center><br \/>\n&nbsp;<\/p>\n","protected":false},"excerpt":{"rendered":"<p>LA TRANSFORMACI\u00d3N DIGITAL EN LOS RESTAURANTES (2017) De Diego Coquillat [200 p\u00e1ginas] Esta obra aborda desde diferentes puntos de vistas y autores distintas reflexiones y conclusiones sobre c\u00f3mo la relaci\u00f3n digital entre los clientes y los restaurantes est\u00e1 provocando un profundo cambio y un nuevo contexto en la industria de los restaurantes. El sector se [&hellip;]<\/p>\n","protected":false},"author":1,"featured_media":0,"parent":0,"menu_order":4,"comment_status":"closed","ping_status":"closed","template":"","meta":[],"acf":[],"_links":{"self":[{"href":"https:\/\/www.diegocoquillat.com\/dev\/wp-json\/wp\/v2\/pages\/15494"}],"collection":[{"href":"https:\/\/www.diegocoquillat.com\/dev\/wp-json\/wp\/v2\/pages"}],"about":[{"href":"https:\/\/www.diegocoquillat.com\/dev\/wp-json\/wp\/v2\/types\/page"}],"author":[{"embeddable":true,"href":"https:\/\/www.diegocoquillat.com\/dev\/wp-json\/wp\/v2\/users\/1"}],"replies":[{"embeddable":true,"href":"https:\/\/www.diegocoquillat.com\/dev\/wp-json\/wp\/v2\/comments?post=15494"}],"version-history":[{"count":2,"href":"https:\/\/www.diegocoquillat.com\/dev\/wp-json\/wp\/v2\/pages\/15494\/revisions"}],"predecessor-version":[{"id":42222,"href":"https:\/\/www.diegocoquillat.com\/dev\/wp-json\/wp\/v2\/pages\/15494\/revisions\/42222"}],"wp:attachment":[{"href":"https:\/\/www.diegocoquillat.com\/dev\/wp-json\/wp\/v2\/media?parent=15494"}],"curies":[{"name":"wp","href":"https:\/\/api.w.org\/{rel}","templated":true}]}}