{"id":7602,"date":"2020-06-19T08:19:55","date_gmt":"2020-06-19T08:19:55","guid":{"rendered":"https:\/\/www.diegocoquillat.com\/escuela\/?page_id=7602"},"modified":"2020-06-19T08:19:55","modified_gmt":"2020-06-19T08:19:55","slug":"procedimiento-de-contratacion","status":"publish","type":"page","link":"https:\/\/www.diegocoquillat.com\/escuela\/procedimiento-de-contratacion\/","title":{"rendered":"Procedimiento de contrataci\u00f3n"},"content":{"rendered":"<p>EL CONTRATANTE para poder acceder a los servicios ofrecidos por la ESCUELA DIEGO COQUILLAT, deber\u00e1 cumplimentar el formulario de \u201cAPUNTATE YA\u201d o \u201cRESERVA YA TU PLAZA\u201d\u201d, proporcionando de manera libre y voluntaria los datos personales que le sean requeridos.<br \/>\nEn la p\u00e1gina de inicio de la ESCUELA DIEGO COQUILLAT se ubica en la parte superior, el apartado \u201cAPUNTATE YA\u201d o \u201cRESERVA YA TU PLAZA\u201d,\u201d para aquellas empresas o profesionales del sector de la hosteler\u00eda y gastronom\u00eda que deseen una visi\u00f3n 360\u00ba del marketing digital aplicado a restaurantes y negocios de hosteler\u00eda y gastronom\u00eda. Se deber\u00e1n seguir los siguientes pasos:<\/p>\n<ol>\n<li>Pulsar sobre el apartado \u201cAp\u00fantate ya\u201d o \u201creserva ya tu plaza\u201d aparecer\u00e1 un mensaje de bienvenida para comenzar el proceso de contrataci\u00f3n.<\/li>\n<li>Pulsar el bot\u00f3n \u201cComenzar\u201d.<\/li>\n<li>Cumplimentar todos los campos obligatorios del formulario.<\/li>\n<li>Elegir la forma de pago de la forma prevista (mediante transferencia bancaria indicada o mediante Tarjeta de Cr\u00e9dito, a trav\u00e9s de la Plataformas de pagos existentes).<\/li>\n<li>Aceptar los presentes t\u00e9rminos y condiciones de contrataci\u00f3n, as\u00ed como la Pol\u00edtica de Privacidad y Aviso Legal.<\/li>\n<li>Pago: ESCUELA DIEGO COQUILLAT posibilita las siguientes formas para efectuar el pago de los servicios:\n<ol>\n<li>Pago con tarjeta de cr\u00e9dito\/d\u00e9bito :En este caso una vez realizado el pago eligiendo una de estas dos opciones se realizar\u00e1 a trav\u00e9s de la plataforma STRIPE, el CONTRATANTE recibir\u00e1 un correo informativo con los datos registrados.<\/li>\n<li>Transferencia bancaria: En este caso una vez realizada la transferencia EL CONTRATANTE deber\u00e1 remitir el justificante de pago al correo info@diegocoquillat.com, una vez confirmado el pago por la ESCUELA DIEGO COQUILLAT, EL CONTRATANTE recibir\u00e1 un correo informativo con los datos registrados as\u00ed como la factura.<\/li>\n<\/ol>\n<\/li>\n<\/ol>\n","protected":false},"excerpt":{"rendered":"<p>EL CONTRATANTE para poder acceder a los servicios ofrecidos por la ESCUELA DIEGO COQUILLAT, deber\u00e1 cumplimentar el formulario de \u201cAPUNTATE YA\u201d o \u201cRESERVA YA TU PLAZA\u201d\u201d, proporcionando de manera libre y voluntaria los datos personales que le sean requeridos. En la p\u00e1gina de inicio de la ESCUELA DIEGO COQUILLAT se ubica en la parte superior, el apartado \u201cAPUNTATE YA\u201d o&#8230;<\/p>\n","protected":false},"author":1,"featured_media":0,"parent":0,"menu_order":0,"comment_status":"closed","ping_status":"closed","template":"","meta":{"footnotes":""},"class_list":["post-7602","page","type-page","status-publish"],"yoast_head":"<!-- This site is optimized with the Yoast SEO plugin v26.8 - https:\/\/yoast.com\/product\/yoast-seo-wordpress\/ -->\n<title>Procedimiento de contrataci\u00f3n - Curso Online de Inteligencia Artificial para Restaurantes | Escuela Diego Coquillat<\/title>\n<meta name=\"description\" content=\"Curso online de inteligencia artificial aplicada a restaurantes y negocios de hosteler\u00eda. Aprende a utilizar herramientas, agentes y automatizaciones de IA para mejorar la gesti\u00f3n, ahorrar tiempo y optimizar procesos.\" \/>\n<meta name=\"robots\" content=\"index, follow, max-snippet:-1, max-image-preview:large, max-video-preview:-1\" \/>\n<link rel=\"canonical\" href=\"https:\/\/www.diegocoquillat.com\/escuela\/procedimiento-de-contratacion\/\" \/>\n<meta property=\"og:locale\" content=\"es_ES\" \/>\n<meta property=\"og:type\" content=\"article\" \/>\n<meta property=\"og:title\" content=\"Procedimiento de contrataci\u00f3n - Curso Online de Inteligencia Artificial para Restaurantes | Escuela Diego Coquillat\" \/>\n<meta property=\"og:description\" content=\"Curso online de inteligencia artificial aplicada a restaurantes y negocios de hosteler\u00eda. Aprende a utilizar herramientas, agentes y automatizaciones de IA para mejorar la gesti\u00f3n, ahorrar tiempo y optimizar procesos.\" \/>\n<meta property=\"og:url\" content=\"https:\/\/www.diegocoquillat.com\/escuela\/procedimiento-de-contratacion\/\" \/>\n<meta property=\"og:site_name\" content=\"Curso Online de Inteligencia Artificial para Restaurantes | Escuela Diego Coquillat\" \/>\n<meta name=\"twitter:card\" content=\"summary_large_image\" \/>\n<meta name=\"twitter:label1\" content=\"Tiempo de lectura\" \/>\n\t<meta name=\"twitter:data1\" content=\"1 minuto\" \/>\n<script type=\"application\/ld+json\" class=\"yoast-schema-graph\">{\"@context\":\"https:\/\/schema.org\",\"@graph\":[{\"@type\":\"WebPage\",\"@id\":\"https:\/\/www.diegocoquillat.com\/escuela\/procedimiento-de-contratacion\/\",\"url\":\"https:\/\/www.diegocoquillat.com\/escuela\/procedimiento-de-contratacion\/\",\"name\":\"Procedimiento de contrataci\u00f3n - Curso Online de Inteligencia Artificial para Restaurantes | Escuela Diego Coquillat\",\"isPartOf\":{\"@id\":\"https:\/\/www.diegocoquillat.com\/escuela\/#website\"},\"datePublished\":\"2020-06-19T08:19:55+00:00\",\"description\":\"Curso online de inteligencia artificial aplicada a restaurantes y negocios de hosteler\u00eda. Aprende a utilizar herramientas, agentes y automatizaciones de IA para mejorar la gesti\u00f3n, ahorrar tiempo y optimizar procesos.\",\"breadcrumb\":{\"@id\":\"https:\/\/www.diegocoquillat.com\/escuela\/procedimiento-de-contratacion\/#breadcrumb\"},\"inLanguage\":\"es\",\"potentialAction\":[{\"@type\":\"ReadAction\",\"target\":[\"https:\/\/www.diegocoquillat.com\/escuela\/procedimiento-de-contratacion\/\"]}]},{\"@type\":\"BreadcrumbList\",\"@id\":\"https:\/\/www.diegocoquillat.com\/escuela\/procedimiento-de-contratacion\/#breadcrumb\",\"itemListElement\":[{\"@type\":\"ListItem\",\"position\":1,\"name\":\"Portada\",\"item\":\"https:\/\/www.diegocoquillat.com\/escuela\/\"},{\"@type\":\"ListItem\",\"position\":2,\"name\":\"Procedimiento de contrataci\u00f3n\"}]},{\"@type\":\"WebSite\",\"@id\":\"https:\/\/www.diegocoquillat.com\/escuela\/#website\",\"url\":\"https:\/\/www.diegocoquillat.com\/escuela\/\",\"name\":\"Curso Online de Inteligencia Artificial para Restaurantes | Escuela Diego Coquillat\",\"description\":\"Curso online de inteligencia artificial aplicada a restaurantes y negocios de hosteler\u00eda. Aprende a utilizar herramientas, agentes y automatizaciones de IA para mejorar la gesti\u00f3n, ahorrar tiempo y optimizar procesos.\",\"potentialAction\":[{\"@type\":\"SearchAction\",\"target\":{\"@type\":\"EntryPoint\",\"urlTemplate\":\"https:\/\/www.diegocoquillat.com\/escuela\/?s={search_term_string}\"},\"query-input\":{\"@type\":\"PropertyValueSpecification\",\"valueRequired\":true,\"valueName\":\"search_term_string\"}}],\"inLanguage\":\"es\"}]}<\/script>\n<!-- \/ Yoast SEO plugin. -->","yoast_head_json":{"title":"Procedimiento de contrataci\u00f3n - Curso Online de Inteligencia Artificial para Restaurantes | Escuela Diego Coquillat","description":"Curso online de inteligencia artificial aplicada a restaurantes y negocios de hosteler\u00eda. Aprende a utilizar herramientas, agentes y automatizaciones de IA para mejorar la gesti\u00f3n, ahorrar tiempo y optimizar procesos.","robots":{"index":"index","follow":"follow","max-snippet":"max-snippet:-1","max-image-preview":"max-image-preview:large","max-video-preview":"max-video-preview:-1"},"canonical":"https:\/\/www.diegocoquillat.com\/escuela\/procedimiento-de-contratacion\/","og_locale":"es_ES","og_type":"article","og_title":"Procedimiento de contrataci\u00f3n - Curso Online de Inteligencia Artificial para Restaurantes | Escuela Diego Coquillat","og_description":"Curso online de inteligencia artificial aplicada a restaurantes y negocios de hosteler\u00eda. Aprende a utilizar herramientas, agentes y automatizaciones de IA para mejorar la gesti\u00f3n, ahorrar tiempo y optimizar procesos.","og_url":"https:\/\/www.diegocoquillat.com\/escuela\/procedimiento-de-contratacion\/","og_site_name":"Curso Online de Inteligencia Artificial para Restaurantes | Escuela Diego Coquillat","twitter_card":"summary_large_image","twitter_misc":{"Tiempo de lectura":"1 minuto"},"schema":{"@context":"https:\/\/schema.org","@graph":[{"@type":"WebPage","@id":"https:\/\/www.diegocoquillat.com\/escuela\/procedimiento-de-contratacion\/","url":"https:\/\/www.diegocoquillat.com\/escuela\/procedimiento-de-contratacion\/","name":"Procedimiento de contrataci\u00f3n - Curso Online de Inteligencia Artificial para Restaurantes | Escuela Diego Coquillat","isPartOf":{"@id":"https:\/\/www.diegocoquillat.com\/escuela\/#website"},"datePublished":"2020-06-19T08:19:55+00:00","description":"Curso online de inteligencia artificial aplicada a restaurantes y negocios de hosteler\u00eda. Aprende a utilizar herramientas, agentes y automatizaciones de IA para mejorar la gesti\u00f3n, ahorrar tiempo y optimizar procesos.","breadcrumb":{"@id":"https:\/\/www.diegocoquillat.com\/escuela\/procedimiento-de-contratacion\/#breadcrumb"},"inLanguage":"es","potentialAction":[{"@type":"ReadAction","target":["https:\/\/www.diegocoquillat.com\/escuela\/procedimiento-de-contratacion\/"]}]},{"@type":"BreadcrumbList","@id":"https:\/\/www.diegocoquillat.com\/escuela\/procedimiento-de-contratacion\/#breadcrumb","itemListElement":[{"@type":"ListItem","position":1,"name":"Portada","item":"https:\/\/www.diegocoquillat.com\/escuela\/"},{"@type":"ListItem","position":2,"name":"Procedimiento de contrataci\u00f3n"}]},{"@type":"WebSite","@id":"https:\/\/www.diegocoquillat.com\/escuela\/#website","url":"https:\/\/www.diegocoquillat.com\/escuela\/","name":"Curso Online de Inteligencia Artificial para Restaurantes | Escuela Diego Coquillat","description":"Curso online de inteligencia artificial aplicada a restaurantes y negocios de hosteler\u00eda. Aprende a utilizar herramientas, agentes y automatizaciones de IA para mejorar la gesti\u00f3n, ahorrar tiempo y optimizar procesos.","potentialAction":[{"@type":"SearchAction","target":{"@type":"EntryPoint","urlTemplate":"https:\/\/www.diegocoquillat.com\/escuela\/?s={search_term_string}"},"query-input":{"@type":"PropertyValueSpecification","valueRequired":true,"valueName":"search_term_string"}}],"inLanguage":"es"}]}},"jetpack_shortlink":"https:\/\/wp.me\/Pckbtl-1YC","jetpack_sharing_enabled":true,"_links":{"self":[{"href":"https:\/\/www.diegocoquillat.com\/escuela\/wp-json\/wp\/v2\/pages\/7602","targetHints":{"allow":["GET"]}}],"collection":[{"href":"https:\/\/www.diegocoquillat.com\/escuela\/wp-json\/wp\/v2\/pages"}],"about":[{"href":"https:\/\/www.diegocoquillat.com\/escuela\/wp-json\/wp\/v2\/types\/page"}],"author":[{"embeddable":true,"href":"https:\/\/www.diegocoquillat.com\/escuela\/wp-json\/wp\/v2\/users\/1"}],"replies":[{"embeddable":true,"href":"https:\/\/www.diegocoquillat.com\/escuela\/wp-json\/wp\/v2\/comments?post=7602"}],"version-history":[{"count":3,"href":"https:\/\/www.diegocoquillat.com\/escuela\/wp-json\/wp\/v2\/pages\/7602\/revisions"}],"predecessor-version":[{"id":7605,"href":"https:\/\/www.diegocoquillat.com\/escuela\/wp-json\/wp\/v2\/pages\/7602\/revisions\/7605"}],"wp:attachment":[{"href":"https:\/\/www.diegocoquillat.com\/escuela\/wp-json\/wp\/v2\/media?parent=7602"}],"curies":[{"name":"wp","href":"https:\/\/api.w.org\/{rel}","templated":true}]}}