{"id":7636,"date":"2019-03-08T10:13:48","date_gmt":"2019-03-08T10:13:48","guid":{"rendered":"https:\/\/www.diegocoquillat.com\/thebestdigitalrestaurants\/?page_id=7636"},"modified":"2020-07-31T10:36:55","modified_gmt":"2020-07-31T10:36:55","slug":"politica-de-privacidad","status":"publish","type":"page","link":"https:\/\/www.diegocoquillat.com\/thebestdigitalrestaurants\/politica-de-privacidad\/","title":{"rendered":"Pol\u00edtica de Privacidad"},"content":{"rendered":"<p>Con el objeto de garantizar y proteger la privacidad y la confidencialidad de los datos de car\u00e1cter personal de los Usuarios de nuestra p\u00e1gina web y con el fin de proteger su intimidad y privacidad, hemos redactado, de conformidad con la legislaci\u00f3n vigente, la presente Pol\u00edtica de Privacidad.<\/p>\n<p>Los t\u00e9rminos recogidos a continuaci\u00f3n y en especial el deber de confidencialidad ser\u00e1n de obligado cumplimiento para todo el personal interno o externo que trabaje o pudiera trabajar con nosotros y que tengan acceso a los datos que nos facilites, bien durante la navegaci\u00f3n en nuestra Web o por la utilizaci\u00f3n de nuestros formularios.<\/p>\n<p>Nos reservamos el derecho a modificar el contenido de la presente Pol\u00edtica de Privacidad, con el objeto de adaptarlo a las novedades legislativas o jurisprudenciales, as\u00ed como a los informes o dict\u00e1menes emitidos por la Agencia Espa\u00f1ola de Protecci\u00f3n de Datos, el Grupo de Trabajo del Art\u00edculo 29 o el Comit\u00e9 Europeo de Protecci\u00f3n de Datos (CEPD).<\/p>\n<p>En caso de que vayamos a utilizar los datos personales de los Usuarios, Clientes o Potenciales Clientes, de una manera distinta a lo establecido en la Pol\u00edtica de Privacidad vigente al momento de facilitarnos los datos; o en caso de que vayamos a tratarlos con finalidades distintas a las indicadas en el momento en que nos facilites tus datos, haremos el esfuerzo posible para contactarte como afectado, para informarte y recabar de nuevo el consentimiento. En caso contrario, no usaremos los datos para finalidades distintas.<\/p>\n<p>Aconsejamos a los Usuarios que, cada vez que accedan a nuestra p\u00e1gina web, revisen el presente texto para cerciorarse de las finalidades y utilizaciones que podemos hacer de sus datos.<\/p>\n<p>La presente Pol\u00edtica de Privacidad, formar\u00e1 parte y estar\u00e1 unida de forma permanente a lo dispuesto en nuestro <u>Aviso Legal<\/u>, en <u>las bases de nuestros concursos<\/u> y en nuestra <u>Pol\u00edtica de Cookies<\/u>, estos textos est\u00e1n a disposici\u00f3n de los usuarios en nuestra p\u00e1gina Web y de los que aconsejamos su lectura.<\/p>\n<p>En todo momento indicaremos la fecha de la \u00faltima actualizaci\u00f3n de la Pol\u00edtica de Privacidad para que los Usuarios conozcan el contenido efectivo que se les aplica y la fecha de la \u00faltima revisi\u00f3n.<\/p>\n<p>Esta Pol\u00edtica de Privacidad se encuentra adaptada al Reglamento (UE) 2016\/679 del Parlamento Europeo y del Consejo, de 27 de abril de 2016, relativo a la protecci\u00f3n de las personas f\u00edsicas en lo que respecta al tratamiento de datos personales y a la libre circulaci\u00f3n de estos datos (en adelante RGPD) y la Ley Org\u00e1nica 3\/2018, de 5 de diciembre, de Protecci\u00f3n de Datos Personales y garant\u00eda de los derechos digitales (en adelante LOPDGD).<\/p>\n<p><strong>RESPONSABLE DEL TRATAMIENTO.<\/strong><\/p>\n<p>Los responsables del tratamiento de los datos que se recopilan, tratan y almacenan a trav\u00e9s de esta p\u00e1gina web y con ocasi\u00f3n de los servicios prestados y contratados a trav\u00e9s de la misma, es <strong>DIELEN SIGLO XXI, S.L.,<\/strong> (en adelante <strong>THE BEST DIGITAL RESTAURANTS<\/strong>), con CIF B-54.708.433, con domicilio a efectos de comunicaciones en la <strong>C\/ Puente Ortices, n\u00ba7-2\u00aa izq de Elche (Alicante)<\/strong><strong>. Correo electr\u00f3nico: <strong>comunicacion@diegocoquillat.com<\/strong> y tel\u00e9fono (+34) 640 133 240.<\/strong><\/p>\n<p><strong><strong>TRATAMIENTO DE DATOS.<\/strong><\/strong><\/p>\n<p>Los datos de car\u00e1cter personal que se soliciten en su caso consistir\u00e1n en aquellos que sean imprescindibles para identificar y atender la solicitud del titular de los datos, resolver cuestiones planteadas y gestionar la participaci\u00f3n en el concurso, siendo dichos datos recogidos para finalidades determinadas expl\u00edcitas y leg\u00edtimas y no siendo tratados dichos datos de manera incompatible con las finalidades indicadas.<\/p>\n<p>El titular de los datos ser\u00e1 informado por THE BEST DIGITAL RESTAURANTS, antes de la recogida de sus datos, de los extremos establecidos en esta Pol\u00edtica de Privacidad, de manera que pueda prestar en su caso, consentimiento expreso, preciso e inequ\u00edvoco para el tratamiento de sus datos.<\/p>\n<p><strong>PROCEDENCIA DE DATOS.<\/strong><\/p>\n<p>En primer lugar, es importante que los Usuarios tengan presente que, cuando se proporciona informaci\u00f3n personal en l\u00ednea (por ejemplo, a trav\u00e9s del correo electr\u00f3nico o a trav\u00e9s de Internet), \u00e9sta puede ser recogida y utilizada por otros.<\/p>\n<p>Es por ello que THE BEST DIGITAL RESTAURANTS no se responsabiliza de que dicha informaci\u00f3n pueda ser recopilada, almacenada y\/o tratada por un tercero no autorizado, pues ha adoptado las medidas de seguridad que est\u00e1n a su alcance para que esto no pase.<\/p>\n<p>La procedencia de los datos que tratamos y almacenamos en puede venir de diferentes lugares:<\/p>\n<p>A trav\u00e9s de nuestra p\u00e1gina web recogemos datos de car\u00e1cter personal de aquellos Usuarios que decidan voluntariamente cumplimentar los campos obligatorios que hemos incorporado en <strong><u>los formularios de nuestra p\u00e1gina web.<\/u><\/strong><\/p>\n<p>Con estos formularios, los Usuarios, podr\u00e1n realizar una consulta, facilitarnos una sugerencia o registrarse como candidato a participar en el concurso The Best Digital Restaurants. A trav\u00e9s de estos formularios, los Usuarios nos facilitan sus datos y consienten el tratamiento de los mismos conforme a las finalidades indicadas en el momento de cumplimentar el formulario.<\/p>\n<p>Los Usuarios ser\u00e1n responsables de la veracidad y autenticidad de los datos que nos faciliten a trav\u00e9s de nuestros formularios, siendo su obligaci\u00f3n mantenerlos actualizados en todo momento para evitar errores por nuestra parte. Cualquier manifestaci\u00f3n falsa o inexacta que se produzca como consecuencia de las informaciones y datos entregados a trav\u00e9s de dicho formulario, ser\u00e1 responsabilidad del Usuario.<\/p>\n<p>Tambi\u00e9n puede venir informaci\u00f3n a trav\u00e9s de los correos electr\u00f3nicos que recibimos en <strong>comunicacion@diegocoquillat.com<\/strong>, por lo que informamos a los Usuarios que, el <strong><u>prestador de servicio de correo electr\u00f3nico<\/u><\/strong> de THE BEST DIGITAL RESTAURANTS, es Google Ireland Limited (en adelante, \u00abGoogle\u00bb), una compa\u00f1\u00eda establecida y que opera bajo las leyes de Irlanda (con n\u00famero de registro: 368047), y situada en Gordon House, Barrow Street, Dubl\u00edn 4, Irlanda.<\/p>\n<p>A su vez informamos a los usuarios, el <strong><u>prestador de servicio de hosting<\/u><\/strong> del dominio www.thebestdigitalrestaurants.com, es <strong>CYBERNETICOS HOSTING, S.L.<\/strong>, con CIF B91647842 y con domicilio social en Calle Varadero 3 PL 1 Parque Industrial \u00abEl Palmar\u00bb El Puerto de Santa Mar\u00eda C\u00e1diz, 11500 C\u00e1diz Espa\u00f1a.<\/p>\n<p>La finalidad del tratamiento de todos estos datos ser\u00e1 la indicada en el momento de la recogida y detallada en el apartado \u201c<strong>Fines del tratamiento y plazos de conservaci\u00f3n<\/strong>\u201d de la presente Pol\u00edtica de Privacidad.<\/p>\n<p><strong>LEGITIMACI\u00d3N PARA EL TRATAMIENTO DE LOS DATOS.<\/strong><\/p>\n<p>La base legal para el tratamiento de los datos de los Usuarios depender\u00e1 del momento en el que se recojan o traten los datos de car\u00e1cter personal del Usuario, Cliente o Potencial Cliente:<\/p>\n<p><strong><u>La base legal para el tratamiento de los datos recogidos a trav\u00e9s del formulario de contacto ser\u00e1 el consentimiento expreso del interesado (art\u00edculo 6.1.a) RGPD).<\/u><\/strong><br \/>\nEstas solicitudes no implican relaci\u00f3n contractual alguna.<\/p>\n<p><strong><u>La base legal para el tratamiento de los datos recogidos a trav\u00e9s del formulario de candidatos ser\u00e1 el consentimiento expreso del interesado (art\u00edculo 6.1.a) RGPD).<\/u><\/strong><br \/>\nEstas solicitudes no implican relaci\u00f3n contractual alguna.<\/p>\n<p><strong>FINALIDADES DEL TRATAMIENTO Y PLAZOS DE CONSERVACI\u00d3N DE LOS DATOS.<\/strong><\/p>\n<p>Las finalidades para las que se llevar\u00e1n a cabo cada uno de los tratamientos por parte de THE BEST DIGITAL RESTAURANTS, vienen establecidas en las diferentes cl\u00e1usulas informativas incorporadas en cada una de las v\u00edas de toma de datos -formularios web, etc.-.<\/p>\n<p>No obstante, lo anterior, las detallamos \u00edntegramente a continuaci\u00f3n, junto con el per\u00edodo de conservaci\u00f3n de los datos, realizado por THE BEST DIGITAL RESTAURANTS:<\/p>\n<p><strong><u>Formulario de Contacto<\/u><\/strong>: Poder <strong>contactar al Usuario<\/strong> para resolver la consulta, duda o sugerencia, as\u00ed como para facilitarle informaci\u00f3n y ponerse en contacto con el mismo en relaci\u00f3n al inter\u00e9s manifestado con respecto a THE BEST DIGITAL RESTAURANTS.<\/p>\n<p>Estos datos se conservar\u00e1n en nuestros servidores sin plazo de supresi\u00f3n y mientras el afectado no manifieste su oposici\u00f3n. Ahora bien, caso de que los datos conservados tengan que ver con la prestaci\u00f3n de servicios, los mismos se conservar\u00e1n durante todo el tiempo por el que puedan derivarse obligaciones de la relaci\u00f3n contractual. (5 a\u00f1os \u2013 art\u00edculo 1964 del C\u00f3digo Civil).<\/p>\n<p><strong><u>Formulario de Participaci\u00f3n<\/u><\/strong>: Gestionar la participaci\u00f3n del interesado en los Premios The Best Digital Restaurants, con la finalidad tanto de <strong>registrar la candidatura<\/strong> como de realizar una <strong>gesti\u00f3n interna del concurso<\/strong>.<\/p>\n<p>Estos datos se conservar\u00e1n mientras sean necesarios para la realizaci\u00f3n del concurso. Ahora bien, caso de que los datos conservados tengan que ver con la prestaci\u00f3n de servicios, los mismos se conservar\u00e1n durante todo el tiempo por el que puedan derivarse obligaciones de la relaci\u00f3n contractual. (5 a\u00f1os \u2013 art\u00edculo 1964 del C\u00f3digo Civil).<\/p>\n<p><strong><u>Datos recopilados a trav\u00e9s de Cookies<\/u><\/strong>: A trav\u00e9s de las Cookies de las que te informamos en nuestra Pol\u00edtica de Cookies, de la que te recomendamos su lectura, recopilamos datos para personalizar su experiencia y atender mejor sus necesidades individuales, mejorar nuestro sitio Web, permitir compartir comentarios en redes sociales, etc. Estos datos se conservar\u00e1n seg\u00fan lo dispuesto en nuestra Pol\u00edtica de Cookies a la que nos remitimos.<\/p>\n<p><strong>OBLIGACI\u00d3N DE FACILITAR LOS DATOS SOLICITADOS.<\/strong><\/p>\n<p>Con el objeto de ejecutar de forma \u00f3ptima los servicios, los Usuarios deber\u00e1n proporcionarnos la informaci\u00f3n y datos personales solicitados en nuestros formularios. En caso de no facilitar toda la informaci\u00f3n solicitada y marcada como obligatoria, THE BEST DIGITAL RESTAURANTS no podr\u00e1 tener en cuenta su candidatura en los premios The Best Digital Restaurants ni enviar, en su caso, la informaci\u00f3n solicitada.<\/p>\n<p><strong>MENORES DE EDAD.<\/strong><\/p>\n<p>En THE BEST DIGITAL RESTAURANTS, cumplimos escrupulosamente con los requisitos estipulados en el RGPD en materia de protecci\u00f3n de datos de menores de edad, por lo que no recopilamos, de forma intencionada, ninguna informaci\u00f3n de menores de 14 a\u00f1os de edad (art\u00edculo 7 LOPDGD).<\/p>\n<p>Adem\u00e1s, informamos a los Usuarios que, la presente p\u00e1gina Web y la solicitud y compra de nuestros productos\/servicios est\u00e1n dirigidos \u00fanicamente a personas mayores de 18 a\u00f1os de edad.<\/p>\n<p><strong>C\u00d3MO PROTEGEMOS LA INFORMACI\u00d3N DE LOS USUARIOS, POTENCIALES CLIENTES O CLIENTES.<\/strong><\/p>\n<p>THE BEST DIGITAL RESTAURANTS implementa medidas f\u00edsicas, t\u00e9cnicas y organizativas en su organizaci\u00f3n para mantener la seguridad de los datos personales y tratar de reducir al m\u00ednimo la posibilidad de destrucci\u00f3n accidental o ilegal, la p\u00e9rdida accidental, uso no autorizado, alteraci\u00f3n, modificaci\u00f3n no autorizada, divulgaci\u00f3n y\/o acceso, as\u00ed como cualquier otra forma ilegal de procesamiento de sus datos, de conformidad con lo establecido en el art\u00edculo 32 del RGPD.<\/p>\n<p>En este sentido, y teniendo en cuenta el estado de la t\u00e9cnica, los costes de aplicaci\u00f3n y la naturaleza, el alance, el contexto y los fines del tratamiento, as\u00ed como los riesgos de probabilidad y gravedad que pueden afectar a los derechos y libertades de las personas f\u00edsicas, se han establecido medidas apropiadas para garantizar el nivel de seguridad adecuado al riesgo existente.<\/p>\n<p>En todo caso, tienen implementados los mecanismos suficientes para:<\/p>\n<p>Garantizar la confidencialidad, integridad, disponibilidad y resiliencia permanentes de los sistemas y servicios de tratamiento.<\/p>\n<p>Restaurar la disponibilidad y el acceso a los datos personales de forma r\u00e1pida, en caso de incidente f\u00edsico o t\u00e9cnico.<\/p>\n<p>Verificar, evaluar y valorar, de forma regular, la eficacia de las medidas t\u00e9cnicas y organizativas implantadas para garantizar la seguridad del tratamiento.<\/p>\n<p>Seudonimizar y cifrar los datos personales, en su caso.<\/p>\n<p>No obstante lo anterior, como Usuario reconoces y aceptas que las medidas de seguridad de Internet no son inexpugnables y que las redes utilizadas en Internet no son 100% seguras, por lo que cualquier comunicaci\u00f3n enviada por este medio, puede ser interceptada y\/o modificada por personas no autorizadas, por lo que como Usuario deber\u00e1s tambi\u00e9n extremar las cautelas.<\/p>\n<p><strong>AVISO DE VIOLACI\u00d3N DE DATOS PERSONALES O BRECHAS DE SEGURIDAD.<\/strong><\/p>\n<p>La violaci\u00f3n de datos personales supone una brecha de la seguridad de los sistemas de informaci\u00f3n de que provoca o puede provocar la destrucci\u00f3n, alteraci\u00f3n, p\u00e9rdida, divulgaci\u00f3n no autorizada o acceso, accidental o no, a los datos personales transmitidos, almacenados o procesados relacionados con la prestaci\u00f3n de nuestros servicios.<\/p>\n<p>En el caso de que los datos de car\u00e1cter personal se vean comprometidos de alguna forma, THE BEST DIGITAL RESTAURANTS proceder\u00e1 a notificar oportunamente a los afectados, y conforme a lo dispuesto en el art\u00edculo 33 del RGPD.<\/p>\n<p><strong>COMUNICACI\u00d3N DE DATOS A TERCEROS.<\/strong><\/p>\n<p>Los datos personales que los usuarios nos hayan podido facilitar a trav\u00e9s de nuestra p\u00e1gina web, o durante la participaci\u00f3n en nuestro concurso, no ser\u00e1n vendidos, trasferidos y\/o intercambiados con terceros no autorizados, salvo por obligaci\u00f3n legal, o en los casos establecidos m\u00e1s abajo en relaci\u00f3n con las transferencias internacionales de datos que se realizan.<\/p>\n<p>Por otro lado, los datos de los Clientes podr\u00e1n <strong><u>cederse a la Administraci\u00f3n Tributaria y a otros \u00d3rganos de la Administraci\u00f3n P\u00fablica<\/u><\/strong>, en caso de ser requeridos por estos.<\/p>\n<p><strong>TRANSFERENCIAS INTERNACIONALES DE DATOS.<\/strong><\/p>\n<p>En THE BEST DIGITAL RESTAURANTS, utilizamos Twitter. Esta red social est\u00e1 sita en Estados Unidos. Por ello, cualquier informaci\u00f3n que subamos a dicha red social, supone que realicemos una transferencia internacional de datos a EEUU pues los datos subidos a nuestros perfiles se almacenan en los servidores de dicha empresa, sitos tambi\u00e9n en EEUU. Ahora bien, <strong>THE BEST DIGITAL RESTAURANTS<\/strong> no sube ni trata a trav\u00e9s de dicha plataforma datos personales de los usuarios, siendo \u00e9stos los que voluntariamente deciden seguir nuestra p\u00e1gina.<\/p>\n<p>Informamos a nuestros Usuarios que Twitter est\u00e1 adherida al Privacy Shield y manifiesta en su Pol\u00edtica de Privacidad, enlazada m\u00e1s arriba, que cumple con el citado marco de protecci\u00f3n de la Uni\u00f3n Europea y Estados Unidos. Se puede consultar la lista aqu\u00ed, y, aqu\u00ed se puede obtener m\u00e1s informaci\u00f3n sobre c\u00f3mo Twitter transfiere los datos albergados en su plataforma. Para quejas o reclamaciones en materia de protecci\u00f3n de datos facilitamos los siguientes datos:<\/p>\n<p>Twitter, Inc.<br \/>\n1355 Market Street #900<br \/>\nSan Francisco, California 94103 Phone: (415) 222-9670<\/p>\n<p><strong>DERECHOS DE PROTECCI\u00d3N DE DATOS.<\/strong><\/p>\n<p>Cualquier persona, podr\u00e1 ejercitar los d<strong>erechos de acceso, rectificaci\u00f3n, supresi\u00f3n, limitaci\u00f3n del tratamiento, el derecho a la portabilidad, a no ser objeto de tratamiento automatizado, incluida la elaboraci\u00f3n de perfiles y el derecho a oposici\u00f3n<\/strong> de los datos personales que obran en cualquiera de los ficheros de que es Responsable THE BEST DIGITAL RESTAURANTS, solicit\u00e1ndolo por cualquier medio que deje constancia de su env\u00edo y recepci\u00f3n, expresando claramente su deseo y acompa\u00f1ando fotocopia de su DNI y cuantos documentos sean necesarios para acreditar su identidad.<\/p>\n<p>No debe olvidarse indicar los motivos que justifiquen el ejercicio del derecho. Para ello, se podr\u00e1 dirigir a THE BEST DIGITAL RESTAURANTS un escrito bien a la direcci\u00f3n de correo electr\u00f3nico <strong>comunicacion@diegocoquillat.com<\/strong> o a la direcci\u00f3n C\/ Puente Ortices, n\u00ba7-2\u00aa izq de Elche (Alicante)<\/p>\n<p>Tenemos a disposici\u00f3n de los Usuarios formularios para el ejercicio de estos derechos, pueden solicitarlos en nuestro <u>formulario de contacto.<\/u><\/p>\n<p><strong>\u00bfQu\u00e9 puede solicitar exactamente?<\/strong><\/p>\n<p><strong>Derecho de acceso<\/strong>: Podr\u00e1 solicitar informaci\u00f3n sobre si est\u00e1 tratando datos personales suyos.<\/p>\n<p><strong>Derecho de rectificaci\u00f3n<\/strong>: Podr\u00e1 solicitar la rectificaci\u00f3n de los datos, en caso de que \u00e9stos sean incorrectos, as\u00ed como la supresi\u00f3n de los mismos.<\/p>\n<p><strong>Derecho de cancelaci\u00f3n<\/strong>: Podr\u00e1 solicitar la cancelaci\u00f3n de los datos; y en caso de que exista alguna limitaci\u00f3n, conservar\u00e1 los datos debidamente bloqueados, \u00fanicamente para el ejercicio o defensa de reclamaciones.<\/p>\n<p><strong>Derecho de oposici\u00f3n<\/strong>: Podr\u00e1 solicitar que dejemos de tratar los datos en la forma manifestada, a menos que por motivos leg\u00edtimos debamos de seguir trat\u00e1ndolos, circunstancia que manifestaremos expresamente.<\/p>\n<p><strong>Derecho a solicitar la limitaci\u00f3n de su tratamiento<\/strong>: Podr\u00e1 solicitar en cualquier momento que limitemos el tratamiento de los datos cuando se d\u00e9 alguno de los siguientes casos:<\/p>\n<p>Cuando impugne la precisi\u00f3n de los datos tratados y durante un per\u00edodo que permita a THE BEST DIGITAL RESTAURANTS comprobar la exactitud de los mismos.<\/p>\n<p>Cuando el tratamiento de los datos sea ilegal conforme a la legislaci\u00f3n vigente y el afectado opte por la restricci\u00f3n de su uso en lugar de por su eliminaci\u00f3n.<\/p>\n<p>Cuando el afectado requiera sus datos para el establecimiento, ejercicio o defensa de reclamaciones legales.<\/p>\n<p><strong>Derecho a la portabilidad de datos<\/strong>: De manera que, en caso de que los datos se traten de forma automatizada, los mismos sean devueltos o se trasfieran a otra empresa indicada por el Usuario en un formato estructurado, automatizado y de uso com\u00fan.<\/p>\n<p><strong>Derecho de supresi\u00f3n<\/strong>: Podr\u00e1 solicitar el borrado de sus datos personales y THE BEST DIGITAL RESTAURANTS deber\u00e1 borrarlos sin demora injustificada cuando:<\/p>\n<p>Los datos ya no sean necesarios en relaci\u00f3n con los fines para los que fueron recopilados o procesados.<\/p>\n<p>El afectado retira el consentimiento en el que se basa el tratamiento de los datos, y no existe otro fundamento jur\u00eddico para ello.<\/p>\n<p>El afectado se opone al tratamiento porque este tiene como finalidad el marketing directo de productos. Los datos han sido procesados ilegalmente.<\/p>\n<p>Los datos deban borrarse para cumplir con una obligaci\u00f3n legal a nivel comunitario y\/o nacional.<\/p>\n<p>Adem\u00e1s, los Usuarios disponen de otros derechos, a saber:<\/p>\n<p><strong>Derecho a retirar el consentimiento prestado<\/strong>: El Usuario, puede retirar el consentimiento prestado para el tratamiento de datos personales para alguna finalidad espec\u00edfica, cuando as\u00ed lo desee, tan s\u00f3lo debe ponerse en contacto con nosotros ejercitando este derecho.<\/p>\n<p><strong>Derecho a reclamar ante la Autoridad de Control<\/strong>: Cualquier Usuario podr\u00e1 dirigirse a la Autoridad de Control, en caso de que considere que, est\u00e1 tratando sus datos de manera err\u00f3nea. En el caso de Espa\u00f1a, la autoridad de control es la <u>Agencia Espa\u00f1ola de Protecci\u00f3n de Datos<\/u>, domicilio en C\/ Jorge Juan, 6, 28001-Madrid y tel\u00e9fonos de contacto: 901 100 099 \/ 91 266 35 17.<\/p>\n<p><strong>REDES SOCIALES<\/strong><br \/>\nTHE BEST DIGITAL RESTAURANTS est\u00e1 presente en Twitter, sin perjuicio de que pueda utilizar otras redes sociales en el futuro.<\/p>\n<p>Es por ello que THE BEST DIGITAL RESTAURANTS, a trav\u00e9s de esta Pol\u00edtica de Privacidad, se reconoce responsable del tratamiento en relaci\u00f3n con los datos publicados por THE BEST DIGITAL RESTAURANTS en dicha plataforma, as\u00ed como de los datos que los Usuarios env\u00eden de forma privada a THE BEST DIGITAL RESTAURANTS con el fin de ser extra\u00eddos -por ejemplo, comunicaciones para que atienda una consulta.<\/p>\n<p>No obstante lo anterior, a trav\u00e9s de su perfil, THE BEST DIGITAL RESTAURANTS no comparte ni comunica ninguna informaci\u00f3n personal de los Usuarios, \u201cseguidores\u201d de Twitter, etc<\/p>\n<p>Aprovechamos la presente Pol\u00edtica de Privacidad para informar a los Usuarios que, el perfil de THE BEST DIGITAL RESTAURANTS en la citada red social, est\u00e1 abierto al p\u00fablico en general, sin limitaci\u00f3n de acceso a otros usuarios, con la finalidad de que nuestra marca, concurso, etc. sean vistos por la mayor cantidad de personas posibles. Es por ello por lo que, en caso de que los Usuarios, seguidores de nuestro perfil env\u00eden en nuestro muro informaci\u00f3n de car\u00e1cter personal, ser\u00e1 su exclusiva responsabilidad.<\/p>\n<p>Cualquiera que no desee ser \u201cseguidor\u201d de THE BEST DIGITAL RESTAURANTS en la red social en la que est\u00e1 presente, tan s\u00f3lo tiene que dejar de seguir dicho perfil siguiendo lo dispuesto en las Pol\u00edticas de Privacidad y T\u00e9rminos y Condiciones de la red social en cuesti\u00f3n. Los datos de los Usuarios subidos a nuestro perfil permanecer\u00e1n en este desde que el Usuario presta su consentimiento hasta que lo retire, solicit\u00e1ndolo a la plataforma.<\/p>\n<p>El tratamiento que THE BEST DIGITAL RESTAURANTS realice dentro de la red social, ser\u00e1 como m\u00e1ximo, el que la red social permita a los perfiles corporativos. Por lo que podr\u00e1 informar, cuando la ley no lo proh\u00edba, a sus seguidores, y, por cualquier v\u00eda que permita la red social, sobre sus actividades, concursos, cert\u00e1menes, servicios, etc. as\u00ed como prestar servicio personalizado de atenci\u00f3n al cliente a trav\u00e9s de la red social.<\/p>\n<p>Cualquier Usuario podr\u00e1 ejercer los derechos de protecci\u00f3n de datos, poni\u00e9ndose en contacto con en la direcci\u00f3n y correo electr\u00f3nico indicado en el apartado correspondiente a los mismos.<\/p>\n<p>En ning\u00fan caso extraer\u00e1 datos de las redes sociales si no cuenta con el consentimiento expreso del usuario para ello.<\/p>\n<p>Recomendamos a los Usuarios encarecidamente lean las Pol\u00edticas de Privacidad y T\u00e9rminos y Condiciones de la red social donde estamos presentes.<\/p>\n<p><strong>CONDICIONES.<\/strong><\/p>\n<p>Recomendamos encarecidamente a los Usuarios que visiten tambi\u00e9n las secciones <u>Bases del concurso<\/u>, <u>Aviso Legal<\/u> y <u>Pol\u00edtica de Cookies<\/u> que regulan, entre muchos otros aspectos, el uso, renuncias y limitaciones de responsabilidad que rigen en este sitio web.<\/p>\n","protected":false},"excerpt":{"rendered":"<p>Con el objeto de garantizar y proteger la privacidad y la confidencialidad de los datos de car\u00e1cter personal de los<a class=\"read-more\" href=\"https:\/\/www.diegocoquillat.com\/thebestdigitalrestaurants\/politica-de-privacidad\/\">&#8230;<\/a><\/p>\n","protected":false},"author":1,"featured_media":0,"parent":0,"menu_order":0,"comment_status":"closed","ping_status":"closed","template":"","meta":{"_exactmetrics_skip_tracking":false,"_exactmetrics_sitenote_active":false,"_exactmetrics_sitenote_note":"","_exactmetrics_sitenote_category":0,"ngg_post_thumbnail":0},"_links":{"self":[{"href":"https:\/\/www.diegocoquillat.com\/thebestdigitalrestaurants\/wp-json\/wp\/v2\/pages\/7636"}],"collection":[{"href":"https:\/\/www.diegocoquillat.com\/thebestdigitalrestaurants\/wp-json\/wp\/v2\/pages"}],"about":[{"href":"https:\/\/www.diegocoquillat.com\/thebestdigitalrestaurants\/wp-json\/wp\/v2\/types\/page"}],"author":[{"embeddable":true,"href":"https:\/\/www.diegocoquillat.com\/thebestdigitalrestaurants\/wp-json\/wp\/v2\/users\/1"}],"replies":[{"embeddable":true,"href":"https:\/\/www.diegocoquillat.com\/thebestdigitalrestaurants\/wp-json\/wp\/v2\/comments?post=7636"}],"version-history":[{"count":0,"href":"https:\/\/www.diegocoquillat.com\/thebestdigitalrestaurants\/wp-json\/wp\/v2\/pages\/7636\/revisions"}],"wp:attachment":[{"href":"https:\/\/www.diegocoquillat.com\/thebestdigitalrestaurants\/wp-json\/wp\/v2\/media?parent=7636"}],"curies":[{"name":"wp","href":"https:\/\/api.w.org\/{rel}","templated":true}]}}