{"id":8046,"date":"2020-01-13T12:21:37","date_gmt":"2020-01-13T12:21:37","guid":{"rendered":"https:\/\/www.diegocoquillat.com\/thebestdigitalrestaurants\/?page_id=8046"},"modified":"2023-11-20T15:31:06","modified_gmt":"2023-11-20T15:31:06","slug":"candidatura","status":"publish","type":"page","link":"https:\/\/www.diegocoquillat.com\/thebestdigitalrestaurants\/candidatura\/","title":{"rendered":"Candidatura"},"content":{"rendered":"<div id=\"pl-8046\"  class=\"panel-layout\" ><div id=\"pg-8046-0\"  class=\"panel-grid panel-has-style\" ><div class=\"panel-row-style panel-row-style-for-8046-0\" ><div id=\"pgc-8046-0-0\"  class=\"panel-grid-cell\" ><div id=\"panel-8046-0-0-0\" class=\"so-panel widget widget_themestall themestall panel-first-child panel-last-child\" data-index=\"0\" ><h3 class=\"widget-title\">Forma parte de The Best Digital Restaurants<\/h3><div class=\"textwidget\">Los interesados en participar, bien sean restaurantes, chefs, proveedores o posibles partners tendr\u00e1n que rellenar el siguiente formulario dando los motivos principales por las cuales quieren formar parte del los premios The Best Digital Restaurants<\/div><\/div><\/div><div id=\"pgc-8046-0-1\"  class=\"panel-grid-cell\" ><div id=\"panel-8046-0-1-0\" class=\"so-panel widget widget_black-studio-tinymce widget_black_studio_tinymce panel-first-child panel-last-child\" data-index=\"1\" ><div class=\"textwidget\">\n<div class=\"wpcf7 no-js\" id=\"wpcf7-f8045-o1\" lang=\"es-ES\" dir=\"ltr\">\n<div class=\"screen-reader-response\"><p role=\"status\" aria-live=\"polite\" aria-atomic=\"true\"><\/p> <ul><\/ul><\/div>\n<form action=\"\/thebestdigitalrestaurants\/wp-json\/wp\/v2\/pages\/8046#wpcf7-f8045-o1\" method=\"post\" class=\"wpcf7-form init\" aria-label=\"Contact form\" novalidate=\"novalidate\" data-status=\"init\">\n<div style=\"display: none;\">\n<input type=\"hidden\" name=\"_wpcf7\" value=\"8045\" \/>\n<input type=\"hidden\" name=\"_wpcf7_version\" value=\"5.7.7\" \/>\n<input type=\"hidden\" name=\"_wpcf7_locale\" value=\"es_ES\" \/>\n<input type=\"hidden\" name=\"_wpcf7_unit_tag\" value=\"wpcf7-f8045-o1\" \/>\n<input type=\"hidden\" name=\"_wpcf7_container_post\" value=\"0\" \/>\n<input type=\"hidden\" name=\"_wpcf7_posted_data_hash\" value=\"\" \/>\n<\/div>\n<div class=\"contact-form search-top\">\n\t<div class=\"col-md-6\">\n\t\t<div class=\"form-group\">\n\t\t\t<p><span class=\"wpcf7-form-control-wrap\" data-name=\"nombre\"><input size=\"40\" class=\"wpcf7-form-control wpcf7-text wpcf7-validates-as-required form-control\" aria-required=\"true\" aria-invalid=\"false\" placeholder=\"Nombre\" value=\"\" type=\"text\" name=\"nombre\" \/><\/span>\n\t\t\t<\/p>\n\t\t<\/div>\n\t<\/div>\n\t<div class=\"col-md-6\">\n\t\t<div class=\"form-group\">\n\t\t\t<p><span class=\"wpcf7-form-control-wrap\" data-name=\"apellido\"><input size=\"40\" class=\"wpcf7-form-control wpcf7-text wpcf7-validates-as-required form-control\" aria-required=\"true\" aria-invalid=\"false\" placeholder=\"Apellido\" value=\"\" type=\"text\" name=\"apellido\" \/><\/span>\n\t\t\t<\/p>\n\t\t<\/div>\n\t<\/div>\n\t<div class=\"col-md-6\">\n\t\t<div class=\"form-group\">\n\t\t\t<p><span class=\"wpcf7-form-control-wrap\" data-name=\"empresa\"><input size=\"40\" class=\"wpcf7-form-control wpcf7-text form-control\" aria-invalid=\"false\" placeholder=\"Empresa\" value=\"\" type=\"text\" name=\"empresa\" \/><\/span>\n\t\t\t<\/p>\n\t\t<\/div>\n\t<\/div>\n\t<div class=\"col-md-6\">\n\t\t<div class=\"form-group\">\n\t\t\t<p><span class=\"wpcf7-form-control-wrap\" data-name=\"puesto\"><input size=\"40\" class=\"wpcf7-form-control wpcf7-text form-control\" aria-invalid=\"false\" placeholder=\"Puesto\" value=\"\" type=\"text\" name=\"puesto\" \/><\/span>\n\t\t\t<\/p>\n\t\t<\/div>\n\t<\/div>\n\t<div class=\"col-md-6\">\n\t\t<div class=\"form-group\">\n\t\t\t<p><span class=\"wpcf7-form-control-wrap\" data-name=\"email\"><input size=\"40\" class=\"wpcf7-form-control wpcf7-text wpcf7-email wpcf7-validates-as-required wpcf7-validates-as-email form-control\" aria-required=\"true\" aria-invalid=\"false\" placeholder=\"Email\" value=\"\" type=\"email\" name=\"email\" \/><\/span>\n\t\t\t<\/p>\n\t\t<\/div>\n\t<\/div>\n\t<div class=\"col-md-6\">\n\t\t<div class=\"form-group\">\n\t\t\t<p><span class=\"wpcf7-form-control-wrap\" data-name=\"telefono\"><input size=\"40\" class=\"wpcf7-form-control wpcf7-text wpcf7-tel wpcf7-validates-as-tel form-control\" aria-invalid=\"false\" placeholder=\"Tel\u00e9fono\" value=\"\" type=\"tel\" name=\"telefono\" \/><\/span>\n\t\t\t<\/p>\n\t\t<\/div>\n\t<\/div>\n\t<div class=\"col-md-12\">\n\t\t<div class=\"form-group\">\n\t\t\t<p><span class=\"wpcf7-form-control-wrap\" data-name=\"comentarios\"><textarea cols=\"40\" rows=\"10\" class=\"wpcf7-form-control wpcf7-textarea form-control\" aria-invalid=\"false\" placeholder=\"Comentarios\" name=\"comentarios\"><\/textarea><\/span>\n\t\t\t<\/p>\n\t\t<\/div>\n\t<\/div>\n\t<div class=\"col-md-12\">\n\t\t<div class=\"form-group\">\n\t\t<\/div>\n\t<\/div>\n\t<div class=\"col-md-12\">\n\t\t<p><span style=\"font-size: 10px;\">DIELEN SIGLO XXI, S.L. como responsable del tratamiento de sus datos con la finalidad de gestionar su participaci\u00f3n en el concurso, estando legitimados por su consentimiento expreso. Sus datos se conservar\u00e1n mientras sean necesarios para la realizaci\u00f3n o gesti\u00f3n del concurso y mientras el afectado no manifieste su oposici\u00f3n. No cedemos sus datos salvo obligaci\u00f3n legal. Tiene derecho a Acceso, rectificaci\u00f3n, supresi\u00f3n, oposici\u00f3n y limitaci\u00f3n de los datos y otros derechos. Para m\u00e1s informaci\u00f3n visita nuestra<br \/>\n<a href=\"https:\/\/www.diegocoquillat.com\/thebestdigitalrestaurants\/politica-de-privacidad\/\" target=\"_blank\">pol\u00edtica de privacidad.<\/a><br \/>\n<\/span>\n\t\t<\/p>\n\t\t<div class=\"col-md-12\">\n\t\t\t<p><span class=\"wpcf7-form-control-wrap\" data-name=\"acepto-legal\"><span class=\"wpcf7-form-control wpcf7-acceptance\"><span class=\"wpcf7-list-item\"><input type=\"checkbox\" name=\"acepto-legal\" value=\"1\" aria-invalid=\"false\" \/><\/span><\/span><\/span><span style=\"font-weight:bold;\">(*) Acepto facilitar mis datos con la finalidad de participar en los premios The Best Digital Restaurants.<\/span>\n\t\t\t<\/p>\n\t\t<\/div>\n\t\t<div class=\"col-md-12\">\n\t\t\t<p><span class=\"wpcf7-form-control-wrap\" data-name=\"acepto-bases\"><span class=\"wpcf7-form-control wpcf7-acceptance\"><span class=\"wpcf7-list-item\"><input type=\"checkbox\" name=\"acepto-bases\" value=\"1\" aria-invalid=\"false\" \/><\/span><\/span><\/span><span style=\"font-weight:bold;\">(*) Acepto las Bases del Concurso TheBestDR2020.<\/span>\n\t\t\t<\/p>\n\t\t<\/div>\n\t\t<p><span style=\"font-weight:bold;\">(*) Estos campos son obligatorios<\/span><br \/>\n<input class=\"wpcf7-form-control has-spinner wpcf7-submit btn btn-primary\" id=\"submit\" type=\"submit\" value=\"Enviar\" \/>\n\t\t<\/p>\n\t<\/div>\n<\/div><p style=\"display: none !important;\" class=\"akismet-fields-container\" data-prefix=\"_wpcf7_ak_\"><label>&#916;<textarea name=\"_wpcf7_ak_hp_textarea\" cols=\"45\" rows=\"8\" maxlength=\"100\"><\/textarea><\/label><input type=\"hidden\" id=\"ak_js_1\" name=\"_wpcf7_ak_js\" value=\"202\"\/><script type=\"text\/javascript\">\ndocument.getElementById( \"ak_js_1\" ).setAttribute( \"value\", ( new Date() ).getTime() );\n<\/script>\n<\/p><div class=\"wpcf7-response-output\" aria-hidden=\"true\"><\/div>\n<\/form>\n<\/div>\n<\/div><\/div><\/div><\/div><\/div><\/div>","protected":false},"excerpt":{"rendered":"<p>Forma parte de The Best Digital RestaurantsLos interesados en participar, bien sean restaurantes, chefs, proveedores o posibles partners tendr\u00e1n que<a class=\"read-more\" href=\"https:\/\/www.diegocoquillat.com\/thebestdigitalrestaurants\/candidatura\/\">&#8230;<\/a><\/p>\n","protected":false},"author":1,"featured_media":0,"parent":0,"menu_order":0,"comment_status":"closed","ping_status":"closed","template":"","meta":{"_exactmetrics_skip_tracking":false,"_exactmetrics_sitenote_active":false,"_exactmetrics_sitenote_note":"","_exactmetrics_sitenote_category":0,"ngg_post_thumbnail":0},"_links":{"self":[{"href":"https:\/\/www.diegocoquillat.com\/thebestdigitalrestaurants\/wp-json\/wp\/v2\/pages\/8046"}],"collection":[{"href":"https:\/\/www.diegocoquillat.com\/thebestdigitalrestaurants\/wp-json\/wp\/v2\/pages"}],"about":[{"href":"https:\/\/www.diegocoquillat.com\/thebestdigitalrestaurants\/wp-json\/wp\/v2\/types\/page"}],"author":[{"embeddable":true,"href":"https:\/\/www.diegocoquillat.com\/thebestdigitalrestaurants\/wp-json\/wp\/v2\/users\/1"}],"replies":[{"embeddable":true,"href":"https:\/\/www.diegocoquillat.com\/thebestdigitalrestaurants\/wp-json\/wp\/v2\/comments?post=8046"}],"version-history":[{"count":3,"href":"https:\/\/www.diegocoquillat.com\/thebestdigitalrestaurants\/wp-json\/wp\/v2\/pages\/8046\/revisions"}],"predecessor-version":[{"id":8715,"href":"https:\/\/www.diegocoquillat.com\/thebestdigitalrestaurants\/wp-json\/wp\/v2\/pages\/8046\/revisions\/8715"}],"wp:attachment":[{"href":"https:\/\/www.diegocoquillat.com\/thebestdigitalrestaurants\/wp-json\/wp\/v2\/media?parent=8046"}],"curies":[{"name":"wp","href":"https:\/\/api.w.org\/{rel}","templated":true}]}}